{"id":1148,"date":"2018-04-22T20:00:56","date_gmt":"2018-04-22T18:00:56","guid":{"rendered":"https:\/\/www.vidagany.com\/contact\/"},"modified":"2018-05-21T00:29:00","modified_gmt":"2018-05-20T22:29:00","slug":"contact","status":"publish","type":"page","link":"https:\/\/www.vidagany.com\/en\/contact\/","title":{"rendered":"Contact"},"content":{"rendered":"<p>[et_pb_section bb_built=&#8221;1&#8243; admin_label=&#8221;section&#8221; inner_shadow=&#8221;on&#8221; custom_padding_last_edited=&#8221;on|phone&#8221; _builder_version=&#8221;3.1.1&#8243; background_color=&#8221;rgba(5,38,89,0.43)&#8221; background_image=&#8221;https:\/\/www.vidagany.com\/wp-content\/uploads\/2018\/04\/contacto-n.jpg&#8221; background_position=&#8221;bottom_right&#8221; background_blend=&#8221;luminosity&#8221; custom_padding=&#8221;0||0|&#8221; custom_padding_tablet=&#8221;0||178px|&#8221; custom_padding_phone=&#8221;0||10vh|&#8221; next_background_color=&#8221;#ffffff&#8221;][et_pb_row admin_label=&#8221;row&#8221; use_custom_width=&#8221;on&#8221; custom_width_px=&#8221;1600px&#8221; parallax_method_1=&#8221;off&#8221; _builder_version=&#8221;3.0.47&#8243; background_image=&#8221;https:\/\/www.vidagany.com\/wp-content\/uploads\/2018\/04\/bg.png&#8221; background_size=&#8221;initial&#8221; background_position=&#8221;top_left&#8221; background_repeat=&#8221;repeat&#8221;][et_pb_column type=&#8221;4_4&#8243;][et_pb_cta title=&#8221;Contact&#8221; _builder_version=&#8221;3.1.1&#8243; header_font=&#8221;Lato||||&#8221; header_font_size=&#8221;90&#8243; header_font_size_tablet=&#8221;70&#8243; header_font_size_phone=&#8221;30&#8243; header_font_size_last_edited=&#8221;on|phone&#8221; header_line_height=&#8221;1.2em&#8221; body_font=&#8221;|on||on|&#8221; body_font_size=&#8221;26&#8243; body_font_size_tablet=&#8221;24&#8243; body_font_size_phone=&#8221;18&#8243; body_font_size_last_edited=&#8221;on|phone&#8221; use_background_color=&#8221;off&#8221; background_size=&#8221;initial&#8221; background_position=&#8221;top_left&#8221; background_repeat=&#8221;repeat&#8221; custom_button=&#8221;on&#8221; button_bg_color=&#8221;#0c71c3&#8243; button_use_icon=&#8221;default&#8221; text_orientation=&#8221;left&#8221; custom_padding=&#8221;60px||60px|100px&#8221; custom_css_promo_title=&#8221;text-transform: none;||font-weight: 300;&#8221; use_border_color=&#8221;off&#8221; border_color=&#8221;#ffffff&#8221; border_style=&#8221;solid&#8221;]<\/p>\n<p>Ask for information, we will be pleased to inform you<\/p>\n<p>[\/et_pb_cta][\/et_pb_column][\/et_pb_row][\/et_pb_section][et_pb_section bb_built=&#8221;1&#8243; _builder_version=&#8221;3.1&#8243; custom_padding=&#8221;54px|0px|0|0px&#8221; prev_background_color=&#8221;rgba(5,38,89,0.43)&#8221; next_background_color=&#8221;#000000&#8243;][et_pb_row use_custom_width=&#8221;on&#8221; custom_width_px=&#8221;1600px&#8221; custom_padding=&#8221;30px|40px|30px|40px&#8221; custom_padding_tablet=&#8221;||0px|&#8221; custom_margin=&#8221;-120px|||&#8221; custom_padding_last_edited=&#8221;on|desktop&#8221; parallax_method_1=&#8221;off&#8221; parallax_method_2=&#8221;off&#8221; parallax_method_3=&#8221;off&#8221; parallax_method_4=&#8221;off&#8221; _builder_version=&#8221;3.1.1&#8243; background_color=&#8221;#203149&#8243; background_size=&#8221;initial&#8221; background_position=&#8221;top_left&#8221; background_repeat=&#8221;repeat&#8221; custom_margin_tablet=&#8221;-150px|||&#8221; custom_margin_phone=&#8221;-130px|||&#8221; custom_margin_last_edited=&#8221;on|phone&#8221; custom_css_main_element=&#8221;box-shadow: 0 20px 150px rgba(0,0,0,.2);&#8221;][et_pb_column type=&#8221;1_4&#8243;][et_pb_blurb title=&#8221;Call us&#8221; url=&#8221;tel:0034962790954&#8243; use_icon=&#8221;on&#8221; font_icon=&#8221;%%264%%&#8221; icon_color=&#8221;#606c7d&#8221; icon_placement=&#8221;left&#8221; _builder_version=&#8221;3.1.1&#8243; header_font=&#8221;|on||on|&#8221; body_text_color=&#8221;#606c7d&#8221; background_size=&#8221;initial&#8221; background_position=&#8221;top_left&#8221; background_repeat=&#8221;repeat&#8221; background_layout=&#8221;dark&#8221; max_width_tablet=&#8221;50px&#8221; use_border_color=&#8221;off&#8221; global_module=&#8221;937&#8243; saved_tabs=&#8221;all&#8221;]<\/p>\n<p><a href=\"tel:0034962790954\">+34 962 790 954<\/a><\/p>\n<p>[\/et_pb_blurb][\/et_pb_column][et_pb_column type=&#8221;1_4&#8243;][et_pb_blurb title=&#8221;FAX&#8221; url=&#8221;fax:0034962790515&#8243; use_icon=&#8221;on&#8221; font_icon=&#8221;%%142%%&#8221; icon_color=&#8221;#606c7d&#8221; icon_placement=&#8221;left&#8221; _builder_version=&#8221;3.1.1&#8243; header_font=&#8221;|on||on|&#8221; body_text_color=&#8221;#606c7d&#8221; background_size=&#8221;initial&#8221; background_position=&#8221;top_left&#8221; background_repeat=&#8221;repeat&#8221; background_layout=&#8221;dark&#8221; max_width_tablet=&#8221;50px&#8221; use_border_color=&#8221;off&#8221; global_module=&#8221;938&#8243; saved_tabs=&#8221;all&#8221;]<\/p>\n<p><a href=\"fax:0034962790515\">+34 962 790 515<\/a><\/p>\n<p>[\/et_pb_blurb][\/et_pb_column][et_pb_column type=&#8221;1_4&#8243;][et_pb_blurb title=&#8221;by email&#8221; url=&#8221;mailto:trafico@vidagany.com&#8221; use_icon=&#8221;on&#8221; font_icon=&#8221;%%238%%&#8221; icon_color=&#8221;#606c7d&#8221; icon_placement=&#8221;left&#8221; _builder_version=&#8221;3.1.1&#8243; header_font=&#8221;|on||on|&#8221; body_text_color=&#8221;#606c7d&#8221; background_size=&#8221;initial&#8221; background_position=&#8221;top_left&#8221; background_repeat=&#8221;repeat&#8221; background_layout=&#8221;dark&#8221; max_width_tablet=&#8221;50px&#8221; use_border_color=&#8221;off&#8221; global_module=&#8221;939&#8243; saved_tabs=&#8221;all&#8221;]<\/p>\n<p><a href=\"mailto:trafico@vidagany.com\">trafico@vidagany.com<\/a><\/p>\n<p>[\/et_pb_blurb][\/et_pb_column][et_pb_column type=&#8221;1_4&#8243;][et_pb_button button_url=&#8221;#form&#8221; button_text=&#8221;CONTACT&#8221; button_alignment=&#8221;center&#8221; _builder_version=&#8221;3.1&#8243; custom_button=&#8221;on&#8221; button_bg_color=&#8221;#0c71c3&#8243; button_border_width=&#8221;8&#8243; button_border_color=&#8221;#0c71c3&#8243; button_border_radius=&#8221;0&#8243; button_font=&#8221;|700|||||||&#8221; button_use_icon=&#8221;off&#8221; button_text_size_phone=&#8221;16&#8243; button_text_size_last_edited=&#8221;on|tablet&#8221; background_layout=&#8221;dark&#8221; custom_css_main_element=&#8221;width: 100%;&#8221;]<\/p>\n<p>&nbsp;<\/p>\n<p>[\/et_pb_button][\/et_pb_column][\/et_pb_row][et_pb_row custom_padding=&#8221;60px|0px|27px|0px&#8221; _builder_version=&#8221;3.1&#8243;][et_pb_column type=&#8221;4_4&#8243;][et_pb_text _builder_version=&#8221;3.1.1&#8243;]<\/p>\n<h1><strong>Location<\/strong><\/h1>\n<h3><strong>We are close to you<\/strong><\/h3>\n<p><strong>Vidagany Log\u00edstica y Almacenaje S.L.<\/strong><br \/>Calle Olocau 4<br \/>46160 Ll\u00edria, Valencia<br \/>\nSpain<\/p>\n<p>[\/et_pb_text][\/et_pb_column][\/et_pb_row][\/et_pb_section][et_pb_section bb_built=&#8221;1&#8243; fullwidth=&#8221;on&#8221; _builder_version=&#8221;3.0.47&#8243; prev_background_color=&#8221;#000000&#8243; next_background_color=&#8221;#000000&#8243;][et_pb_fullwidth_map address=&#8221;Calle Joaqu\u00edn Tirado, 46160 Ll\u00edria, Valencia, Espa\u00f1a&#8221; address_lat=&#8221;39.6361506&#8243; address_lng=&#8221;-0.5878808999999592&#8243; _builder_version=&#8221;3.1.1&#8243;][et_pb_map_pin title=&#8221;Vidagany&#8221; pin_address=&#8221;Calle Joaqu\u00edn Tirado, 46160 Ll\u00edria, Valencia, Espa\u00f1a&#8221; pin_address_lat=&#8221;39.6361506&#8243; pin_address_lng=&#8221;-0.5878808999999592&#8243; _builder_version=&#8221;3.1.1&#8243;]<strong>Vidagany Log\u00edstica y Almacenaje S.L.<\/strong><br \/>\nCalle Olocau 4<br \/>\n46160 Ll\u00edria, Valencia<br \/>\nSpain<br \/>\n[\/et_pb_map_pin][\/et_pb_fullwidth_map][\/et_pb_section][et_pb_section bb_built=&#8221;1&#8243; module_id=&#8221;form&#8221; _builder_version=&#8221;3.1&#8243; custom_padding=&#8221;50px||100px|&#8221; prev_background_color=&#8221;#000000&#8243;][et_pb_row use_custom_width=&#8221;on&#8221; custom_width_px=&#8221;1600px&#8221; parallax_method_1=&#8221;off&#8221; _builder_version=&#8221;3.0.47&#8243; background_size=&#8221;initial&#8221; background_position=&#8221;top_left&#8221; background_repeat=&#8221;repeat&#8221;][et_pb_column type=&#8221;4_4&#8243;][et_pb_cta title=&#8221;Contact form&#8221; _builder_version=&#8221;3.0.47&#8243; header_font=&#8221;|on||on|&#8221; header_text_color=&#8221;#606c7d&#8221; header_font_size_tablet=&#8221;22&#8243; header_font_size_phone=&#8221;16&#8243; header_font_size_last_edited=&#8221;on|desktop&#8221; header_line_height=&#8221;1.8em&#8221; body_font=&#8221;|on||on|&#8221; body_text_color=&#8221;#203149&#8243; body_font_size=&#8221;40&#8243; body_font_size_tablet=&#8221;34&#8243; body_font_size_phone=&#8221;27&#8243; body_font_size_last_edited=&#8221;on|phone&#8221; body_line_height=&#8221;1.3em&#8221; use_background_color=&#8221;off&#8221; background_size=&#8221;initial&#8221; background_position=&#8221;top_left&#8221; background_repeat=&#8221;repeat&#8221; text_orientation=&#8221;right&#8221; custom_margin=&#8221;0px|||&#8221; custom_padding=&#8221;0px|||&#8221; custom_css_promo_description=&#8221;font-weight:900;&#8221; use_border_color=&#8221;off&#8221; border_color=&#8221;#ffffff&#8221; border_style=&#8221;solid&#8221;]<\/p>\n<p>Ask for information<\/p>\n<p>[\/et_pb_cta][\/et_pb_column][\/et_pb_row][et_pb_row use_custom_width=&#8221;on&#8221; custom_width_px=&#8221;1600px&#8221; custom_padding=&#8221;100px|100px|100px|100px&#8221; custom_padding_tablet=&#8221;50px|50px|50px|50px&#8221; custom_padding_phone=&#8221;20px|20px|20px|20px&#8221; custom_padding_last_edited=&#8221;on|phone&#8221; padding_top_1=&#8221;50px&#8221; padding_right_1=&#8221;50px&#8221; padding_bottom_1=&#8221;50px&#8221; padding_left_1=&#8221;50px&#8221; parallax_method_1=&#8221;off&#8221; parallax_method_2=&#8221;off&#8221; background_position_1=&#8221;top_left&#8221; background_position_2=&#8221;top_left&#8221; background_repeat_1=&#8221;no-repeat&#8221; background_repeat_2=&#8221;no-repeat&#8221; padding_1_tablet=&#8221;30px|30px|30px|30px&#8221; padding_1_phone=&#8221;20px|20px|20px|20px&#8221; padding_1_last_edited=&#8221;on|phone&#8221; _builder_version=&#8221;3.0.61&#8243; background_color=&#8221;#ededed&#8221; background_image=&#8221;https:\/\/www.vidagany.com\/wp-content\/uploads\/2018\/04\/logistic-map-1.png&#8221; background_position=&#8221;top_left&#8221; background_repeat=&#8221;repeat&#8221; custom_css_main_element=&#8221;border-bottom: solid 4px #0290cc;&#8221;][et_pb_column type=&#8221;1_3&#8243;][et_pb_testimonial author=&#8221;Commercial department&#8221; job_title=&#8221;Vidagany Log\u00edstica y Almacenaje S.L.&#8221; url=&#8221;#&#8221; portrait_url=&#8221;https:\/\/www.vidagany.com\/wp-content\/uploads\/2018\/04\/logo.jpg&#8221; portrait_width=&#8221;190px&#8221; portrait_height=&#8221;26&#8243; _builder_version=&#8221;3.2&#8243; body_font=&#8221;Raleway||on||&#8221; body_font_size=&#8221;17&#8243; body_font_size_tablet=&#8221;16&#8243; body_font_size_phone=&#8221;14&#8243; body_font_size_last_edited=&#8221;on|phone&#8221; body_line_height=&#8221;1.6em&#8221; body_line_height_phone=&#8221;1.4em&#8221; body_line_height_last_edited=&#8221;on|phone&#8221; background_color=&#8221;#ffffff&#8221; background_size=&#8221;initial&#8221; background_position=&#8221;top_left&#8221; background_repeat=&#8221;repeat&#8221; border_radii_portrait=&#8221;on|0px|0px|0px|0px&#8221; border_color_all_portrait=&#8221;#ffffff&#8221; border_style_all_portrait=&#8221;none&#8221; box_shadow_style_image=&#8221;preset1&#8243; box_shadow_color_image=&#8221;rgba(255,255,255,0.3)&#8221; custom_margin=&#8221;-200px|||-200px&#8221; custom_margin_tablet=&#8221;0px|||0px&#8221; custom_margin_last_edited=&#8221;on|desktop&#8221; custom_css_main_element=&#8221;box-shadow: 0 20px 100px rgba(27, 42, 53, 0.16);||-webkit-box-shadow: 0 20px 100px rgba(27, 42, 53, 0.16);||-moz-box-shadow: 0 20px 100px rgba(27, 42, 53, 0.16);||border-bottom: solid 4px #ededed;&#8221; custom_css_testimonial_description=&#8221;color: #bfbfbf!important;&#8221; custom_css_testimonial_author=&#8221;color: #000 !important;&#8221; custom_css_testimonial_meta=&#8221;color: #0290cc !important;&#8221; border_style=&#8221;solid&#8221;]<\/p>\n<p>Request information without commitment.<\/p>\n<p>Tell us any questions you have and we will be pleased to answer your questions.<\/p>\n<p>[\/et_pb_testimonial][\/et_pb_column][et_pb_column type=&#8221;2_3&#8243;][et_pb_contact_form email=&#8221;vidagany-form@empresawww.net&#8221; form_background_color=&#8221;#898989&#8243; module_id=&#8221;et_pb_contact_form_0&#8243; _builder_version=&#8221;3.3.1&#8243; border_radii=&#8221;on|0px|0px|0px|0px&#8221; custom_button=&#8221;on&#8221; button_text_color=&#8221;#ffffff&#8221; button_bg_color=&#8221;#0c71c3&#8243; button_border_color=&#8221;#0c71c3&#8243; button_icon=&#8221;%%3%%&#8221; custom_css_contact_fields=&#8221;background: #fff !important;&#8221; custom_css_text_field=&#8221;background: #fff !important;&#8221; custom_css_captcha_field=&#8221;background: #fff !important;&#8221; use_border_color=&#8221;off&#8221;][et_pb_contact_field field_id=&#8221;Name&#8221; field_title=&#8221;Name&#8221; _builder_version=&#8221;3.3.1&#8243; border_radii=&#8221;on||||&#8221; \/][et_pb_contact_field field_id=&#8221;Surname&#8221; field_title=&#8221;Surname&#8221; _builder_version=&#8221;3.3.1&#8243; form_field_font=&#8221;||||&#8221; border_radii=&#8221;on||||&#8221; use_border_color=&#8221;off&#8221; border_style=&#8221;solid&#8221; \/][et_pb_contact_field field_id=&#8221;Email&#8221; field_title=&#8221;Email&#8221; field_type=&#8221;email&#8221; _builder_version=&#8221;3.3.1&#8243; border_radii=&#8221;on||||&#8221; \/][et_pb_contact_field field_id=&#8221;Phone_Number&#8221; field_title=&#8221;Phone&#8221; _builder_version=&#8221;3.3.1&#8243; form_field_font=&#8221;||||&#8221; border_radii=&#8221;on||||&#8221; use_border_color=&#8221;off&#8221; border_style=&#8221;solid&#8221; \/][et_pb_contact_field field_id=&#8221;Message&#8221; field_title=&#8221;Message&#8221; field_type=&#8221;text&#8221; fullwidth_field=&#8221;on&#8221; _builder_version=&#8221;3.3.1&#8243; border_radii=&#8221;on||||&#8221; \/][et_pb_contact_field field_id=&#8221;politica&#8221; field_title=&#8221; -&amp;gt; I accept the Privacy Policy&#8221; field_type=&#8221;checkbox&#8221; checkbox_options=&#8221;%91{%22value%22:%22&lt;-%22,%22checked%22:0}%93&#8243; _builder_version=&#8221;3.3.1&#8243; border_radii=&#8221;on||||&#8221; checkbox_checked=&#8221;off&#8221; radio_options=&#8221;%91{%22value%22:%22 %22,%22checked%22:0}%93&#8243; select_options=&#8221;%91{%22value%22:%22 %22,%22checked%22:0}%93&#8243; min_length=&#8221;0&#8243; max_length=&#8221;0&#8243; allowed_symbols=&#8221;all&#8221; required_mark=&#8221;on&#8221; conditional_logic=&#8221;off&#8221; conditional_logic_relation=&#8221;off&#8221; conditional_logic_rules=&#8221;%91{%22field%22:%22name%22,%22condition%22:%22is%22,%22value%22:%22%22}%93&#8243; use_background_color_gradient=&#8221;off&#8221; background_color_gradient_start=&#8221;#2b87da&#8221; background_color_gradient_end=&#8221;#29c4a9&#8243; background_color_gradient_type=&#8221;linear&#8221; background_color_gradient_direction=&#8221;180deg&#8221; background_color_gradient_direction_radial=&#8221;center&#8221; background_color_gradient_start_position=&#8221;0%&#8221; background_color_gradient_end_position=&#8221;100%&#8221; background_color_gradient_overlays_image=&#8221;off&#8221; parallax=&#8221;off&#8221; parallax_method=&#8221;on&#8221; background_size=&#8221;cover&#8221; background_position=&#8221;center&#8221; background_repeat=&#8221;no-repeat&#8221; background_blend=&#8221;normal&#8221; allow_player_pause=&#8221;off&#8221; background_video_pause_outside_viewport=&#8221;on&#8221; fullwidth_field=&#8221;off&#8221; form_field_text_shadow_style=&#8221;none&#8221; box_shadow_style=&#8221;none&#8221; form_field_text_shadow_horizontal_length=&#8221;0em&#8221; form_field_text_shadow_vertical_length=&#8221;0em&#8221; form_field_text_shadow_blur_strength=&#8221;0em&#8221; \/][\/et_pb_contact_form][et_pb_text _builder_version=&#8221;3.3.1&#8243;]<\/p>\n<p>You must accept the <a href=\"https:\/\/www.vidagany.com\/en\/cookies-privacy-and-terms-of-services\/\" rel=\"nofollow\" target=\"_blank\">Privacy Policy<\/a> to contact us.<\/p>\n<p>[\/et_pb_text][\/et_pb_column][\/et_pb_row][\/et_pb_section]<\/p>\n","protected":false},"excerpt":{"rendered":"<p>Ask for information, we will be pleased to inform you +34 962 790 954 +34 962 790 515 trafico@vidagany.com &nbsp; Location We are close to you Vidagany Log\u00edstica y Almacenaje S.L.Calle Olocau 446160 Ll\u00edria, Valencia Spain Vidagany Log\u00edstica y Almacenaje S.L. Calle Olocau 4 46160 Ll\u00edria, Valencia Spain Ask for information Request information without commitment. [&hellip;]<\/p>\n","protected":false},"author":1,"featured_media":0,"parent":0,"menu_order":0,"comment_status":"closed","ping_status":"closed","template":"","meta":{"_et_pb_use_builder":"on","_et_pb_old_content":"","_et_gb_content_width":"","footnotes":""},"class_list":["post-1148","page","type-page","status-publish","hentry"],"yoast_head":"<!-- This site is optimized with the Yoast SEO plugin v27.4 - https:\/\/yoast.com\/product\/yoast-seo-wordpress\/ -->\n<title>Contact. Ask for information, we will be pleased to inform you - Vidagany logistics and warehousing<\/title>\n<meta name=\"description\" content=\"Contact form of Vidagany logistics and warehousing. Ask for information, we will be pleased to inform you. P.I. Pla De Rascanya - C\/ Olocau, 4 - 46160 Lliria Valencia Spain\" \/>\n<meta name=\"robots\" content=\"index, follow, max-snippet:-1, max-image-preview:large, max-video-preview:-1\" \/>\n<link rel=\"canonical\" href=\"https:\/\/www.vidagany.com\/en\/contact\/\" \/>\n<meta property=\"og:locale\" content=\"en_US\" \/>\n<meta property=\"og:type\" content=\"article\" \/>\n<meta property=\"og:title\" content=\"Contact. Ask for information, we will be pleased to inform you - Vidagany logistics and warehousing\" \/>\n<meta property=\"og:description\" content=\"Contact form of Vidagany logistics and warehousing. Ask for information, we will be pleased to inform you. P.I. Pla De Rascanya - C\/ Olocau, 4 - 46160 Lliria Valencia Spain\" \/>\n<meta property=\"og:url\" content=\"https:\/\/www.vidagany.com\/en\/contact\/\" \/>\n<meta property=\"og:site_name\" content=\"Vidagany log\u00edstica y almacenaje\" \/>\n<meta property=\"article:modified_time\" content=\"2018-05-20T22:29:00+00:00\" \/>\n<meta name=\"twitter:card\" content=\"summary_large_image\" \/>\n<meta name=\"twitter:label1\" content=\"Est. reading time\" \/>\n\t<meta name=\"twitter:data1\" content=\"8 minutes\" \/>\n<script type=\"application\/ld+json\" class=\"yoast-schema-graph\">{\"@context\":\"https:\\\/\\\/schema.org\",\"@graph\":[{\"@type\":\"WebPage\",\"@id\":\"https:\\\/\\\/www.vidagany.com\\\/en\\\/contact\\\/\",\"url\":\"https:\\\/\\\/www.vidagany.com\\\/en\\\/contact\\\/\",\"name\":\"Contact. Ask for information, we will be pleased to inform you - Vidagany logistics and warehousing\",\"isPartOf\":{\"@id\":\"https:\\\/\\\/www.vidagany.com\\\/en\\\/#website\"},\"datePublished\":\"2018-04-22T18:00:56+00:00\",\"dateModified\":\"2018-05-20T22:29:00+00:00\",\"description\":\"Contact form of Vidagany logistics and warehousing. Ask for information, we will be pleased to inform you. P.I. Pla De Rascanya - C\\\/ Olocau, 4 - 46160 Lliria Valencia Spain\",\"breadcrumb\":{\"@id\":\"https:\\\/\\\/www.vidagany.com\\\/en\\\/contact\\\/#breadcrumb\"},\"inLanguage\":\"en-US\",\"potentialAction\":[{\"@type\":\"ReadAction\",\"target\":[\"https:\\\/\\\/www.vidagany.com\\\/en\\\/contact\\\/\"]}]},{\"@type\":\"BreadcrumbList\",\"@id\":\"https:\\\/\\\/www.vidagany.com\\\/en\\\/contact\\\/#breadcrumb\",\"itemListElement\":[{\"@type\":\"ListItem\",\"position\":1,\"name\":\"Portada\",\"item\":\"https:\\\/\\\/www.vidagany.com\\\/en\\\/\"},{\"@type\":\"ListItem\",\"position\":2,\"name\":\"Contact\"}]},{\"@type\":\"WebSite\",\"@id\":\"https:\\\/\\\/www.vidagany.com\\\/en\\\/#website\",\"url\":\"https:\\\/\\\/www.vidagany.com\\\/en\\\/\",\"name\":\"Vidagany log\u00edstica y almacenaje\",\"description\":\"Gestionamos el transporte\",\"potentialAction\":[{\"@type\":\"SearchAction\",\"target\":{\"@type\":\"EntryPoint\",\"urlTemplate\":\"https:\\\/\\\/www.vidagany.com\\\/en\\\/?s={search_term_string}\"},\"query-input\":{\"@type\":\"PropertyValueSpecification\",\"valueRequired\":true,\"valueName\":\"search_term_string\"}}],\"inLanguage\":\"en-US\"}]}<\/script>\n<!-- \/ Yoast SEO plugin. -->","yoast_head_json":{"title":"Contact. Ask for information, we will be pleased to inform you - Vidagany logistics and warehousing","description":"Contact form of Vidagany logistics and warehousing. Ask for information, we will be pleased to inform you. P.I. Pla De Rascanya - C\/ Olocau, 4 - 46160 Lliria Valencia Spain","robots":{"index":"index","follow":"follow","max-snippet":"max-snippet:-1","max-image-preview":"max-image-preview:large","max-video-preview":"max-video-preview:-1"},"canonical":"https:\/\/www.vidagany.com\/en\/contact\/","og_locale":"en_US","og_type":"article","og_title":"Contact. Ask for information, we will be pleased to inform you - Vidagany logistics and warehousing","og_description":"Contact form of Vidagany logistics and warehousing. Ask for information, we will be pleased to inform you. P.I. Pla De Rascanya - C\/ Olocau, 4 - 46160 Lliria Valencia Spain","og_url":"https:\/\/www.vidagany.com\/en\/contact\/","og_site_name":"Vidagany log\u00edstica y almacenaje","article_modified_time":"2018-05-20T22:29:00+00:00","twitter_card":"summary_large_image","twitter_misc":{"Est. reading time":"8 minutes"},"schema":{"@context":"https:\/\/schema.org","@graph":[{"@type":"WebPage","@id":"https:\/\/www.vidagany.com\/en\/contact\/","url":"https:\/\/www.vidagany.com\/en\/contact\/","name":"Contact. Ask for information, we will be pleased to inform you - Vidagany logistics and warehousing","isPartOf":{"@id":"https:\/\/www.vidagany.com\/en\/#website"},"datePublished":"2018-04-22T18:00:56+00:00","dateModified":"2018-05-20T22:29:00+00:00","description":"Contact form of Vidagany logistics and warehousing. Ask for information, we will be pleased to inform you. P.I. Pla De Rascanya - C\/ Olocau, 4 - 46160 Lliria Valencia Spain","breadcrumb":{"@id":"https:\/\/www.vidagany.com\/en\/contact\/#breadcrumb"},"inLanguage":"en-US","potentialAction":[{"@type":"ReadAction","target":["https:\/\/www.vidagany.com\/en\/contact\/"]}]},{"@type":"BreadcrumbList","@id":"https:\/\/www.vidagany.com\/en\/contact\/#breadcrumb","itemListElement":[{"@type":"ListItem","position":1,"name":"Portada","item":"https:\/\/www.vidagany.com\/en\/"},{"@type":"ListItem","position":2,"name":"Contact"}]},{"@type":"WebSite","@id":"https:\/\/www.vidagany.com\/en\/#website","url":"https:\/\/www.vidagany.com\/en\/","name":"Vidagany log\u00edstica y almacenaje","description":"Gestionamos el transporte","potentialAction":[{"@type":"SearchAction","target":{"@type":"EntryPoint","urlTemplate":"https:\/\/www.vidagany.com\/en\/?s={search_term_string}"},"query-input":{"@type":"PropertyValueSpecification","valueRequired":true,"valueName":"search_term_string"}}],"inLanguage":"en-US"}]}},"_links":{"self":[{"href":"https:\/\/www.vidagany.com\/en\/wp-json\/wp\/v2\/pages\/1148","targetHints":{"allow":["GET"]}}],"collection":[{"href":"https:\/\/www.vidagany.com\/en\/wp-json\/wp\/v2\/pages"}],"about":[{"href":"https:\/\/www.vidagany.com\/en\/wp-json\/wp\/v2\/types\/page"}],"author":[{"embeddable":true,"href":"https:\/\/www.vidagany.com\/en\/wp-json\/wp\/v2\/users\/1"}],"replies":[{"embeddable":true,"href":"https:\/\/www.vidagany.com\/en\/wp-json\/wp\/v2\/comments?post=1148"}],"version-history":[{"count":75,"href":"https:\/\/www.vidagany.com\/en\/wp-json\/wp\/v2\/pages\/1148\/revisions"}],"predecessor-version":[{"id":1729,"href":"https:\/\/www.vidagany.com\/en\/wp-json\/wp\/v2\/pages\/1148\/revisions\/1729"}],"wp:attachment":[{"href":"https:\/\/www.vidagany.com\/en\/wp-json\/wp\/v2\/media?parent=1148"}],"curies":[{"name":"wp","href":"https:\/\/api.w.org\/{rel}","templated":true}]}}