{"id":1554,"date":"2018-05-15T01:02:37","date_gmt":"2018-05-14T23:02:37","guid":{"rendered":"https:\/\/www.vidagany.com\/termini-politica-di-privacy-e-politica-di-cookies\/"},"modified":"2018-05-20T20:30:25","modified_gmt":"2018-05-20T18:30:25","slug":"termini-politica-di-privacy-e-politica-di-cookies","status":"publish","type":"page","link":"https:\/\/www.vidagany.com\/it\/termini-politica-di-privacy-e-politica-di-cookies\/","title":{"rendered":"Termini, politica di privacy e politica di cookies"},"content":{"rendered":"<h1>AVVISO LEGALE<\/h1>\n<p>D\u2019 accordo con la Legge 34\/2002 di 11 di Luglio di Servizi della Societ\u00e0 dell&#8217;informazione e del Commercio Elettronico l&#8217;informiamo che la web\u00a0<a href=\"http:\/\/www.vidagany.com\">www.vidagany.com<\/a>\u00a0appartiene a\u00a0<strong>VIDAGANY LOGISTICA Y ALMACENAJE SL<\/strong>\u00a0con partita IVA B97607428, iscritta nel Registro Mercantile di Valencia, tomo 8206, libro 5498, numero 109, foglio V-105851, Inscrip. 1\u00aa e con sede in poligono industriale Pla di Rascanya, C \/ Olocau 4, 46160-LLiria (Valencia).<\/p>\n<p>Pu\u00f2 mettersi in contatto con noi inviando una mail al seguente indirizzo di posta elettronica:\u00a0<a href=\"mailto:trafico@vidagany.com\">trafico@vidagany.com<\/a><\/p>\n<p>Questo sito web e tutti i suoi contenuti, inclusi testi, immagini, audio e altri materiali, sono di propriet\u00e0 di <strong>VIDAGANY LOGISTICA Y ALMACENAJE SL<\/strong> o di terzi che hanno autorizzato l&#8217;uso di tali contenuti a <strong>VIDAGANY LOGISTICA Y ALMACENAJE SL<\/strong>. Tutti i diritti sono riservati. Tutti gli accessi a questo sito web sono soggetti alle seguenti condizioni: \u00e8 autorizzato solo l&#8217;uso personale e non commerciale. La copia, riproduzione, trasmissione, distribuzione o modifica del sito o dei suoi contenuti non \u00e8 autorizzata.<\/p>\n<p><strong>VIDAGANY LOGISTICA Y ALMACENAJE SL<\/strong>\u00a0non garantisce l&#8217;accuratezza, la veridicit\u00e0 o l&#8217;integrit\u00e0 dei contenuti di questo sito web.<\/p>\n<p>Visitando questo sito web, il tuo browser pu\u00f2 memorizzare informazioni tecniche sul tuo computer: l&#8217;uso di cookie non fornisce alcuna informazione personale o informazioni sul tuo computer, servono solo a farti risparmiare tempo quando torni a farci visita e ci aiutano a migliorare design del nostro sito web.<\/p>\n<h2>Politica di privacy<\/h2>\n<p>Tutti i dati che i visitatori di questo sito Web invieranno a\u00a0<strong>VIDAGANY LOGISTICA Y ALMACENAJE SL<\/strong>\u00a0saranno inclusi nel suo database, in conformit\u00e0 con la legge spagnola 15\/1999 del 13 dicembre. I visitatori possono accedere ai propri dati in qualsiasi momento, modificarli o cancellarli inviando una email a:\u00a0<a href=\"mailto:trafico@vidagany.com\">trafico@vidagany.com<\/a>\u00a0attraverso il modulo di contatto.<\/p>\n<h2>Politica sui Cookie<\/h2>\n<p><strong>VIDAGANY LOGISTICA Y ALMACENAJE SL<\/strong>, attraverso questo documento, raccoglie la sua politica di raccolta e trattamento dei cookie, in conformit\u00e0 con le disposizioni dell&#8217;articolo 22.2 della legge 34\/2002, dell&#8217;11 luglio, Servizi della Societ\u00e0 dell\u2019 Informazione e commercio elettronico.<\/p>\n<h3>Cos&#8217;\u00e8 un cookie<\/h3>\n<p>I cookie sono file che vengono scaricati sul terminale dell&#8217;utente (computer \/ smartphone \/ tablet) quando si accede a determinate pagine web e sono memorizzati nella memoria dell&#8217;utente. I cookie consentono, tra le altre cose, di archiviare e recuperare informazioni sulle abitudini di navigazione di un utente o del suo team, vedere quali pagine sono visitate, il tempo di connessione, analizzare il funzionamento di una pagina, se ci sono problemi tecnici, ecc. A seconda delle informazioni che contengono e del modo in cui viene utilizzato il terminale, possono essere utilizzate per riconoscere l&#8217;utente.<\/p>\n<h3>Quali tipi di cookie ci sono?<\/h3>\n<p>Esistono diversi tipi di cookie in base a diversi criteri:<\/p>\n<p>A seconda della propriet\u00e0:<\/p>\n<ul>\n<li>Cookie propri. Sono quelli che appartengono a vidagany.com.<\/li>\n<li>Cookie di terze parti. Sono quelli la cui propriet\u00e0 \u00e8 una terza parte, diversa da vidagany.com, che sar\u00e0 quella che si occupa delle informazioni raccolte.<\/li>\n<\/ul>\n<p>A seconda del suo scopo:<\/p>\n<ul>\n<li>Cookie tecnici e \/ o di personalizzazione. Sono quelli che servono a migliorare il servizio, individuare gli incidenti, riconoscere l&#8217;utente, ecc.<\/li>\n<li>Analisi e \/ o cookie pubblicitari. Sono quelli che servono per analizzare le informazioni sulla navigazione e offrono pubblicit\u00e0, sia essa generica o personalizzata.<\/li>\n<\/ul>\n<h3>A cosa serve un cookie?<\/h3>\n<p>I cookie sono utilizzati per fornire servizi personalizzati e \/ o pubblicit\u00e0 per analizzare il funzionamento del sistema, riconoscere quando si accede come utente, individuare incidenti e problemi che possono sorgere e risolverli nel pi\u00f9 breve tempo possibile, e analizzare e misurare l&#8217;uso e attivit\u00e0 del sito web.<\/p>\n<h3>Il mio consenso \u00e8 necessario per implementare un cookie?<\/h3>\n<p>Nessun consenso \u00e8 richiesto per l&#8217;installazione di cookie tecnici o di quelli strettamente necessari per la fornitura di un servizio della societ\u00e0 dell&#8217;informazione espressamente richiesto dal destinatario.<\/p>\n<p>Per il resto, \u00e8 richiesto il consenso dell&#8217;interessato e pu\u00f2 essere richiesto in diversi modi. Nel caso di vidagany.com, si riterr\u00e0 garantito se si continua a utilizzare la pagina Web, fatto salvo che in qualsiasi momento \u00e8 possibile revocarlo e disattivare i cookie.<\/p>\n<h3>Che cookies utilizza attualmente vidagany.com?<\/h3>\n<p>TECNICO: sono cookie proprietari, di sessione, di identificazione, di configurazione e di registrazione, strettamente necessari per l&#8217;identificazione dell&#8217;utente e per la fornitura dei servizi richiesti dall&#8217;utente. Le informazioni ottenute tramite loro sono trattate solo da vidagany.com.<\/p>\n<p>ANALISI \/ PUBBLICIT\u00c0: Sono quelli che, ben trattati da noi o da terzi, ci permettono di quantificare il numero di utenti e quindi eseguire la misurazione e l&#8217;analisi statistica dell&#8217;uso fatto dagli utenti del servizio offerto. Per fare questo, analizziamo la tua navigazione sul nostro sito web al fine di migliorare l&#8217;offerta di prodotti o servizi che ti offriamo.<\/p>\n<p>DI RETI SOCIALI ESTERNE; Vengono utilizzati in modo che i visitatori possano interagire con i contenuti di diverse piattaforme sociali (Facebook, YouTube, Twitter, LinkedIn, ecc.) E che vengano generati solo per gli utenti di questi social network. Le condizioni di utilizzo di questi cookie e le informazioni raccolte sono regolate dall&#8217;informativa sulla privacy della piattaforma sociale corrispondente.<\/p>\n<p>I cookie di analisi utilizzati da vidagany.com sono i seguenti:<\/p>\n<h4>Cookie di Google<\/h4>\n<p>Le informazioni ottenute vengono elaborate da vidagany.com e dal terzo Google Ireland Limited\u00a0<a href=\"https:\/\/policies.google.com\/technologies\/cookies?hl=it\" target=\"_top\">https:\/\/policies.google.com\/technologies\/cookies?hl=it<\/a><\/p>\n<p>La suddetta societ\u00e0 ci fornisce il servizio di analisi del pubblico della nostra pagina e possono utilizzare questi dati per migliorare i propri servizi e offrire servizi ad altre societ\u00e0.<\/p>\n<p>Puoi conoscere questi e altri usi dai link indicati.<\/p>\n<p>Questi strumenti non acquisiscono i dati dei nomi o dei cognomi degli utenti o dell&#8217;indirizzo postale da cui sono collegati. Le informazioni che ottengono sono relative al numero di pagine visitate, alla lingua, al social network in cui sono pubblicate le nostre notizie, alla citt\u00e0 a cui \u00e8 assegnato l&#8217;indirizzo IP da cui gli utenti sono assegnati, al numero di utenti che visita, frequenza e recidivit\u00e0 delle visite, tempo di visita, browser utilizzato, operatore o tipo di terminale da cui viene effettuata la visita.<\/p>\n<p>Utilizziamo queste informazioni per migliorare il nostro sito web, rilevare nuove esigenze e valutare i miglioramenti da introdurre al fine di fornire un servizio migliore agli utenti che ci visitano.<br \/>\n<a name=\"configuracion\"><\/a><\/p>\n<h3>Come posso disabilitare i cookie?<\/h3>\n<p>La maggior parte dei browser indica come impostare il browser in modo che non accetti i cookie, per avvisarti ogni volta che ricevi un nuovo cookie e per disattivarli completamente. Per controllare l&#8217;uso che vuoi che vengano fatte le tue informazioni, puoi configurare il browser del tuo terminale nel modo che ritieni pi\u00f9 conveniente per te.<\/p>\n<p>In ogni caso, vorremmo sottolineare che se i cookie tecnici e \/ o operativi sono disabilitati, la qualit\u00e0 del sito web potrebbe diminuire o potrebbe essere pi\u00f9 difficile identificarla.<\/p>\n<p>Indichiamo i seguenti link, dove \u00e8 possibile trovare ulteriori informazioni sui diversi browser:<\/p>\n<ul>\n<li>Chrome, \u00a0<a href=\"http:\/\/support.google.com\/chrome\/bin\/answer.py?hl=it&amp;answer=95647\" target=\"_top\">http:\/\/support.google.com\/chrome\/bin\/answer.py?hl=it&amp;answer=95647<\/a><\/li>\n<li>Explorer\u00a0<a href=\"https:\/\/support.microsoft.com\/it-it\/help\/17442\/windows-internet-explorer-delete-manage-cookies\" target=\"_top\">https:\/\/support.microsoft.com\/it-it\/help\/17442\/windows-internet-explorer-delete-manage-cookies<\/a><\/li>\n<li>Firefox\u00a0<a href=\"https:\/\/support.mozilla.org\/it\/kb\/Attivare%20e%20disattivare%20i%20cookie\" target=\"_top\">https:\/\/support.mozilla.org\/it\/kb\/Attivare%20e%20disattivare%20i%20cookie<\/a><\/li>\n<li>Safari \u00a0<a href=\"http:\/\/translate.google.com\/translate?hl=en&amp;sl=en&amp;tl=it&amp;u=http%3A%2F%2Fsupport.apple.com%2Fkb%2Fph5042\" target=\"_top\">http:\/\/translate.google.com\/translate?hl=en&amp;sl=en&amp;tl=it&amp;u=http%3A%2F%2Fsupport.apple.com%2Fkb%2Fph5042<\/a><\/li>\n<\/ul>\n","protected":false},"excerpt":{"rendered":"<p>AVVISO LEGALE D\u2019 accordo con la Legge 34\/2002 di 11 di Luglio di Servizi della Societ\u00e0 dell&#8217;informazione e del Commercio Elettronico l&#8217;informiamo che la web\u00a0www.vidagany.com\u00a0appartiene a\u00a0VIDAGANY LOGISTICA Y ALMACENAJE SL\u00a0con partita IVA B97607428, iscritta nel Registro Mercantile di Valencia, tomo 8206, libro 5498, numero 109, foglio V-105851, Inscrip. 1\u00aa e con sede in poligono industriale [&hellip;]<\/p>\n","protected":false},"author":1,"featured_media":0,"parent":0,"menu_order":0,"comment_status":"closed","ping_status":"closed","template":"","meta":{"_et_pb_use_builder":"","_et_pb_old_content":"","_et_gb_content_width":"","footnotes":""},"class_list":["post-1554","page","type-page","status-publish","hentry"],"yoast_head":"<!-- This site is optimized with the Yoast SEO plugin v27.4 - https:\/\/yoast.com\/product\/yoast-seo-wordpress\/ -->\n<title>Termini, politica di privacy e politica di cookies - Vidagany log\u00edstica y almacenaje<\/title>\n<meta name=\"robots\" content=\"noindex, nofollow\" \/>\n<meta property=\"og:locale\" content=\"it_IT\" \/>\n<meta property=\"og:type\" content=\"article\" \/>\n<meta property=\"og:title\" content=\"Termini, politica di privacy e politica di cookies - Vidagany log\u00edstica y almacenaje\" \/>\n<meta property=\"og:description\" content=\"AVVISO LEGALE D\u2019 accordo con la Legge 34\/2002 di 11 di Luglio di Servizi della Societ\u00e0 dell&#8217;informazione e del Commercio Elettronico l&#8217;informiamo che la web\u00a0www.vidagany.com\u00a0appartiene a\u00a0VIDAGANY LOGISTICA Y ALMACENAJE SL\u00a0con partita IVA B97607428, iscritta nel Registro Mercantile di Valencia, tomo 8206, libro 5498, numero 109, foglio V-105851, Inscrip. 1\u00aa e con sede in poligono industriale [&hellip;]\" \/>\n<meta property=\"og:url\" content=\"https:\/\/www.vidagany.com\/it\/termini-politica-di-privacy-e-politica-di-cookies\/\" \/>\n<meta property=\"og:site_name\" content=\"Vidagany log\u00edstica y almacenaje\" \/>\n<meta property=\"article:modified_time\" content=\"2018-05-20T18:30:25+00:00\" \/>\n<meta name=\"twitter:card\" content=\"summary_large_image\" \/>\n<meta name=\"twitter:label1\" content=\"Tempo di lettura stimato\" \/>\n\t<meta name=\"twitter:data1\" content=\"6 minuti\" \/>\n<script type=\"application\/ld+json\" class=\"yoast-schema-graph\">{\"@context\":\"https:\\\/\\\/schema.org\",\"@graph\":[{\"@type\":\"WebPage\",\"@id\":\"https:\\\/\\\/www.vidagany.com\\\/it\\\/termini-politica-di-privacy-e-politica-di-cookies\\\/\",\"url\":\"https:\\\/\\\/www.vidagany.com\\\/it\\\/termini-politica-di-privacy-e-politica-di-cookies\\\/\",\"name\":\"Termini, politica di privacy e politica di cookies - Vidagany log\u00edstica y almacenaje\",\"isPartOf\":{\"@id\":\"https:\\\/\\\/www.vidagany.com\\\/it\\\/#website\"},\"datePublished\":\"2018-05-14T23:02:37+00:00\",\"dateModified\":\"2018-05-20T18:30:25+00:00\",\"breadcrumb\":{\"@id\":\"https:\\\/\\\/www.vidagany.com\\\/it\\\/termini-politica-di-privacy-e-politica-di-cookies\\\/#breadcrumb\"},\"inLanguage\":\"it-IT\",\"potentialAction\":[{\"@type\":\"ReadAction\",\"target\":[\"https:\\\/\\\/www.vidagany.com\\\/it\\\/termini-politica-di-privacy-e-politica-di-cookies\\\/\"]}]},{\"@type\":\"BreadcrumbList\",\"@id\":\"https:\\\/\\\/www.vidagany.com\\\/it\\\/termini-politica-di-privacy-e-politica-di-cookies\\\/#breadcrumb\",\"itemListElement\":[{\"@type\":\"ListItem\",\"position\":1,\"name\":\"Portada\",\"item\":\"https:\\\/\\\/www.vidagany.com\\\/it\\\/\"},{\"@type\":\"ListItem\",\"position\":2,\"name\":\"Termini, politica di privacy e politica di cookies\"}]},{\"@type\":\"WebSite\",\"@id\":\"https:\\\/\\\/www.vidagany.com\\\/it\\\/#website\",\"url\":\"https:\\\/\\\/www.vidagany.com\\\/it\\\/\",\"name\":\"Vidagany log\u00edstica y almacenaje\",\"description\":\"Gestionamos el transporte\",\"potentialAction\":[{\"@type\":\"SearchAction\",\"target\":{\"@type\":\"EntryPoint\",\"urlTemplate\":\"https:\\\/\\\/www.vidagany.com\\\/it\\\/?s={search_term_string}\"},\"query-input\":{\"@type\":\"PropertyValueSpecification\",\"valueRequired\":true,\"valueName\":\"search_term_string\"}}],\"inLanguage\":\"it-IT\"}]}<\/script>\n<!-- \/ Yoast SEO plugin. -->","yoast_head_json":{"title":"Termini, politica di privacy e politica di cookies - Vidagany log\u00edstica y almacenaje","robots":{"index":"noindex","follow":"nofollow"},"og_locale":"it_IT","og_type":"article","og_title":"Termini, politica di privacy e politica di cookies - Vidagany log\u00edstica y almacenaje","og_description":"AVVISO LEGALE D\u2019 accordo con la Legge 34\/2002 di 11 di Luglio di Servizi della Societ\u00e0 dell&#8217;informazione e del Commercio Elettronico l&#8217;informiamo che la web\u00a0www.vidagany.com\u00a0appartiene a\u00a0VIDAGANY LOGISTICA Y ALMACENAJE SL\u00a0con partita IVA B97607428, iscritta nel Registro Mercantile di Valencia, tomo 8206, libro 5498, numero 109, foglio V-105851, Inscrip. 1\u00aa e con sede in poligono industriale [&hellip;]","og_url":"https:\/\/www.vidagany.com\/it\/termini-politica-di-privacy-e-politica-di-cookies\/","og_site_name":"Vidagany log\u00edstica y almacenaje","article_modified_time":"2018-05-20T18:30:25+00:00","twitter_card":"summary_large_image","twitter_misc":{"Tempo di lettura stimato":"6 minuti"},"schema":{"@context":"https:\/\/schema.org","@graph":[{"@type":"WebPage","@id":"https:\/\/www.vidagany.com\/it\/termini-politica-di-privacy-e-politica-di-cookies\/","url":"https:\/\/www.vidagany.com\/it\/termini-politica-di-privacy-e-politica-di-cookies\/","name":"Termini, politica di privacy e politica di cookies - Vidagany log\u00edstica y almacenaje","isPartOf":{"@id":"https:\/\/www.vidagany.com\/it\/#website"},"datePublished":"2018-05-14T23:02:37+00:00","dateModified":"2018-05-20T18:30:25+00:00","breadcrumb":{"@id":"https:\/\/www.vidagany.com\/it\/termini-politica-di-privacy-e-politica-di-cookies\/#breadcrumb"},"inLanguage":"it-IT","potentialAction":[{"@type":"ReadAction","target":["https:\/\/www.vidagany.com\/it\/termini-politica-di-privacy-e-politica-di-cookies\/"]}]},{"@type":"BreadcrumbList","@id":"https:\/\/www.vidagany.com\/it\/termini-politica-di-privacy-e-politica-di-cookies\/#breadcrumb","itemListElement":[{"@type":"ListItem","position":1,"name":"Portada","item":"https:\/\/www.vidagany.com\/it\/"},{"@type":"ListItem","position":2,"name":"Termini, politica di privacy e politica di cookies"}]},{"@type":"WebSite","@id":"https:\/\/www.vidagany.com\/it\/#website","url":"https:\/\/www.vidagany.com\/it\/","name":"Vidagany log\u00edstica y almacenaje","description":"Gestionamos el transporte","potentialAction":[{"@type":"SearchAction","target":{"@type":"EntryPoint","urlTemplate":"https:\/\/www.vidagany.com\/it\/?s={search_term_string}"},"query-input":{"@type":"PropertyValueSpecification","valueRequired":true,"valueName":"search_term_string"}}],"inLanguage":"it-IT"}]}},"_links":{"self":[{"href":"https:\/\/www.vidagany.com\/it\/wp-json\/wp\/v2\/pages\/1554","targetHints":{"allow":["GET"]}}],"collection":[{"href":"https:\/\/www.vidagany.com\/it\/wp-json\/wp\/v2\/pages"}],"about":[{"href":"https:\/\/www.vidagany.com\/it\/wp-json\/wp\/v2\/types\/page"}],"author":[{"embeddable":true,"href":"https:\/\/www.vidagany.com\/it\/wp-json\/wp\/v2\/users\/1"}],"replies":[{"embeddable":true,"href":"https:\/\/www.vidagany.com\/it\/wp-json\/wp\/v2\/comments?post=1554"}],"version-history":[{"count":3,"href":"https:\/\/www.vidagany.com\/it\/wp-json\/wp\/v2\/pages\/1554\/revisions"}],"predecessor-version":[{"id":1650,"href":"https:\/\/www.vidagany.com\/it\/wp-json\/wp\/v2\/pages\/1554\/revisions\/1650"}],"wp:attachment":[{"href":"https:\/\/www.vidagany.com\/it\/wp-json\/wp\/v2\/media?parent=1554"}],"curies":[{"name":"wp","href":"https:\/\/api.w.org\/{rel}","templated":true}]}}